{"id":1541,"date":"2021-11-01T14:17:12","date_gmt":"2021-11-01T11:17:12","guid":{"rendered":"https:\/\/hctek.com.tr\/hctek\/?page_id=1541"},"modified":"2022-05-23T14:37:27","modified_gmt":"2022-05-23T11:37:27","slug":"savunma-sanayi","status":"publish","type":"page","link":"https:\/\/hctek.com.tr\/?page_id=1541","title":{"rendered":"SAVUNMA SANAY\u0130"},"content":{"rendered":"<div class=\"bt_bb_wrapper\"><section id=\"bt_bb_section6a08eb2102b04\" data-parallax=\"0.7\" data-parallax-offset=\"-100\" data-background_image_src=\"'https:\/\/hctek.com.tr\/wp-content\/uploads\/998265-2.jpg'\" class=\"bt_bb_section bt_bb_top_spacing_extra_large bt_bb_bottom_spacing_large bt_bb_color_scheme_11 bt_bb_layout_boxed_1200 bt_bb_vertical_align_top bt_bb_parallax btLazyLoadBackground bt_bb_background_image bt_bb_background_overlay_dark_gradient bt-dark-skin bt_bb_section_allow_content_outside\" style=\"background-image:url(&#039;https:\/\/hctek.com.tr\/wp-content\/plugins\/bold-page-builder\/img\/blank.gif&#039;);\"><div class=\"bt_bb_port\"><div class=\"bt_bb_cell\"><div class=\"bt_bb_cell_inner\"><div class=\"bt_bb_row_wrapper\"><div  class=\"bt_bb_row\" ><div  class=\"bt_bb_column col-xl-12 col-xs-12 col-sm-12 col-md-12 col-lg-12 bt_bb_align_left bt_bb_vertical_align_top bt_bb_padding_normal bt_bb_animation_fade_in bt_bb_animation_zoom_out animate\"  data-width=\"12\" data-bt-override-class=\"{}\"><div class=\"bt_bb_column_content\"><div class=\"bt_bb_column_content_inner\"><header class=\"bt_bb_headline bt_bb_dash_top bt_bb_size_large bt_bb_superheadline bt_bb_subheadline bt_bb_align_inherit\"><h1><span class=\"bt_bb_headline_superheadline\"><span>hctek <\/span><\/span><span class=\"bt_bb_headline_content\"><span>SAVUNMA SANAY\u0130<span class=\"bt_bb_outline_text bt_bb_outline_text_align_left bt_bb_outline_text_size_400\"><span>HCTEK SAVUNMA SANAY\u0130 A.\u015e<\/span><\/span><\/span><\/span><\/h1><div class=\"bt_bb_headline_subheadline\">T\u00fcrk savunma sanayimizin milli projelerinden \u00c7\u0131ng\u0131 yap\u0131m\u0131nda yer alarak Bar\u0131\u015f P\u0131nar\u0131 harekat\u0131nda kazand\u0131\u011f\u0131m\u0131z m\u00fchendislik ve teknoloji birikimimizi \u00f6nemli yat\u0131r\u0131mlar yaparak geni\u015fletiyoruz. Askeri savunma sistemleri, siber g\u00fcvenlik, medikal, sertifikasyon ve dan\u0131\u015fmanl\u0131k alanlar\u0131nda faaliyetlerimize devam etmekteyiz. Yerli kaynaklar\u0131 kullanarak geli\u015ftirdi\u011fimiz ulusal ve \u00f6zg\u00fcn sistemler ile \u00fclkemizin sivil kamu ve \u00f6zel sekt\u00f6r ihtiya\u00e7lar\u0131na y\u00f6nelik \u00e7\u00f6z\u00fcmler \u00fcretiyoruz. T\u00fcrk savunma sanayisinin global pazarda da rekabet g\u00fcc\u00fcne katk\u0131 sa\u011fl\u0131yor ve ihracat odakl\u0131 \u00e7al\u0131\u015fmalar y\u00fcr\u00fct\u00fcyoruz.<br \/>\r\n<\/div><\/header><div class=\"bt_bb_separator bt_bb_top_spacing_10 bt_bb_border_style_none\"><\/div><div class=\"bt_bb_separator bt_bb_border_style_none\"><\/div><div class=\"bt_bb_separator bt_bb_border_style_none\"><\/div><div class=\"bt_bb_separator bt_bb_border_style_none\"><\/div><div class=\"bt_bb_separator bt_bb_border_style_none\"><\/div><div class=\"bt_bb_separator bt_bb_border_style_none\"><\/div><\/div><\/div><\/div><\/div><\/div><\/div><\/div><\/div><\/section><section id=\"bt_bb_section6a08eb2103052\"  data-background_image_src=\"'https:\/\/hctek.com.tr\/wp-content\/uploads\/KAPLAN-YN-ZMA-780x470-1.jpg'\" class=\"bt_bb_section bt_bb_negative_margin_40 bt_bb_color_scheme_1 bt_bb_layout_boxed_1000 bt_bb_vertical_align_top btLazyLoadBackground bt_bb_background_image bt_bb_background_overlay_dark_gradient\" style=\"background-image:url(&#039;https:\/\/hctek.com.tr\/wp-content\/plugins\/bold-page-builder\/img\/blank.gif&#039;);\"><div class=\"bt_bb_port\"><div class=\"bt_bb_cell\"><div class=\"bt_bb_cell_inner\"><div class=\"bt_bb_row_wrapper bt_bb_row_width_boxed_1200 bt_bb_row_push_right bt_bb_content_wide\"><div  class=\"bt_bb_row bt_bb_column_gap_40\" ><div  class=\"bt_bb_column col-xl-12 col-xs-12 col-sm-12 col-md-12 col-lg-12 bt_bb_align_left bt_bb_vertical_align_top bt_bb_padding_normal bt_bb_animation_fade_in animate\"  data-width=\"12\" data-bt-override-class=\"{}\"><div class=\"bt_bb_column_content\"><div class=\"bt_bb_column_content_inner\"><header class=\"bt_bb_headline bt_bb_dash_top bt_bb_size_large bt_bb_superheadline bt_bb_align_inherit\"><h1><span class=\"bt_bb_headline_superheadline\"><span>SAVUNMA SANAY\u0130,HARP TEKNOLOJ\u0130LER\u0130 \u0130\u00c7\u0130N NELER YAPTIK?<\/span><\/span><span class=\"bt_bb_headline_content\"><span>HCTEK SAVUNMA OLARAK,<span class=\"bt_bb_outline_text bt_bb_outline_text_align_inherit bt_bb_outline_text_size_inherit\"><span>S\u0130BER SAVUNMA<\/span><\/span><\/span><\/span><\/h1><\/header><div  class=\"bt_bb_text\" ><blockquote><p>Yerli ve milli imkanlarla <strong>HCTEK<\/strong> taraf\u0131ndan geli\u015ftirilen \u00c7\u0131ng\u0131 Otomatik Namlu Temizleme Cihaz\u0131, TSK\u2019n\u0131n namlu temizleme ve bak\u0131m ihtiyac\u0131n\u0131 gidermi\u015f olup, y\u00fcksek i\u015fg\u00fcc\u00fc ihtiyac\u0131 ve bak\u0131m s\u00fcrelerinin uzunlu\u011fu gibi geleneksel y\u00f6ntemlerin getirdi\u011fi lojistik problemleri sona erdirmi\u015ftir.<\/p>\n<p>\u00c7INGI Otomatik Namlu Temizleme Cihaz\u0131 2017 y\u0131l\u0131nda, tamam\u0131 T\u00dcRK m\u00fchendisler taraf\u0131ndan, Ar-Ge \u00e7al\u0131\u015fmalar\u0131na ba\u015flanm\u0131\u015f ve 2019 y\u0131l\u0131nda nihai \u00fcr\u00fcn haline gelmi\u015ftir. 2019 Nisan ay\u0131nda <strong>HCTEK SAVUNMA SANAY\u0130 A\u015e<\/strong> ile T.C. Cumhurba\u015fkanl\u0131\u011f\u0131 Savunma Sanayii Ba\u015fkanl\u0131\u011f\u0131 %100 i\u015ftiraki olan SSTEK Savunma Sanayi Teknolojileri A\u015e aras\u0131nda yap\u0131lan Tek Sat\u0131c\u0131l\u0131k S\u00f6zle\u015fmesine ba\u011fl\u0131 olarak \u201cSSTEK \u00c7INGI\u201d markas\u0131 ile seri \u00fcretimi yap\u0131lm\u0131\u015f ve 2019 y\u0131l\u0131nda yap\u0131lan IDEF\u201919 fuar\u0131nda tan\u0131t\u0131m\u0131 yap\u0131lm\u0131\u015ft\u0131r.<\/p><\/blockquote>\n<\/div><div class=\"bt_bb_separator bt_bb_bottom_spacing_80 bt_bb_border_style_none\"><\/div><div class=\"bt_bb_separator bt_bb_bottom_spacing_60 bt_bb_border_style_none\"><\/div><div class=\"bt_bb_separator bt_bb_bottom_spacing_40 bt_bb_border_style_none\"><\/div><div class=\"bt_bb_separator bt_bb_bottom_spacing_40 bt_bb_border_style_none bt_bb_hidden_md bt_bb_hidden_lg\"><\/div><\/div><\/div><\/div><\/div><\/div><\/div><\/div><\/div><\/section><\/div>","protected":false},"excerpt":{"rendered":"<p>Dynamically target high-payoff intellectual capital for customized technologies. Objectively integrate emerging core competencies before process-centric communities. Dramatically evisculate holistic innovation rather than client-centric data.<\/p>\n","protected":false},"author":1,"featured_media":0,"parent":0,"menu_order":0,"comment_status":"closed","ping_status":"closed","template":"","meta":[],"_links":{"self":[{"href":"https:\/\/hctek.com.tr\/index.php?rest_route=\/wp\/v2\/pages\/1541"}],"collection":[{"href":"https:\/\/hctek.com.tr\/index.php?rest_route=\/wp\/v2\/pages"}],"about":[{"href":"https:\/\/hctek.com.tr\/index.php?rest_route=\/wp\/v2\/types\/page"}],"author":[{"embeddable":true,"href":"https:\/\/hctek.com.tr\/index.php?rest_route=\/wp\/v2\/users\/1"}],"replies":[{"embeddable":true,"href":"https:\/\/hctek.com.tr\/index.php?rest_route=%2Fwp%2Fv2%2Fcomments&post=1541"}],"version-history":[{"count":24,"href":"https:\/\/hctek.com.tr\/index.php?rest_route=\/wp\/v2\/pages\/1541\/revisions"}],"predecessor-version":[{"id":1882,"href":"https:\/\/hctek.com.tr\/index.php?rest_route=\/wp\/v2\/pages\/1541\/revisions\/1882"}],"wp:attachment":[{"href":"https:\/\/hctek.com.tr\/index.php?rest_route=%2Fwp%2Fv2%2Fmedia&parent=1541"}],"curies":[{"name":"wp","href":"https:\/\/api.w.org\/{rel}","templated":true}]}}