{"id":1569,"date":"2021-11-01T14:57:45","date_gmt":"2021-11-01T11:57:45","guid":{"rendered":"https:\/\/hctek.com.tr\/hctek\/?page_id=1569"},"modified":"2021-12-13T12:10:47","modified_gmt":"2021-12-13T09:10:47","slug":"medikal","status":"publish","type":"page","link":"https:\/\/hctek.com.tr\/?page_id=1569","title":{"rendered":"MED\u0130KAL"},"content":{"rendered":"<div class=\"bt_bb_wrapper\"><section id=\"bt_bb_section69d65104a782a\" data-parallax=\"0.7\" data-parallax-offset=\"-100\" data-background_image_src=\"'https:\/\/hctek.com.tr\/wp-content\/uploads\/5305554-1.jpg'\" class=\"bt_bb_section bt_bb_top_spacing_extra_large bt_bb_bottom_spacing_large bt_bb_color_scheme_11 bt_bb_layout_boxed_1200 bt_bb_vertical_align_top bt_bb_parallax btLazyLoadBackground bt_bb_background_image bt_bb_background_overlay_dark_gradient bt-dark-skin bt_bb_section_allow_content_outside\" style=\"background-image:url(&#039;https:\/\/hctek.com.tr\/wp-content\/plugins\/bold-page-builder\/img\/blank.gif&#039;);\"><div class=\"bt_bb_port\"><div class=\"bt_bb_cell\"><div class=\"bt_bb_cell_inner\"><div class=\"bt_bb_row_wrapper\"><div  class=\"bt_bb_row\" ><div  class=\"bt_bb_column col-xl-12 col-xs-12 col-sm-12 col-md-12 col-lg-12 bt_bb_align_left bt_bb_vertical_align_top bt_bb_padding_normal bt_bb_animation_fade_in bt_bb_animation_zoom_out animate\"  data-width=\"12\" data-bt-override-class=\"{}\"><div class=\"bt_bb_column_content\"><div class=\"bt_bb_column_content_inner\"><header class=\"bt_bb_headline bt_bb_dash_top bt_bb_size_large bt_bb_superheadline bt_bb_subheadline bt_bb_align_inherit\"><h1><span class=\"bt_bb_headline_superheadline\"><span>hctek <\/span><\/span><span class=\"bt_bb_headline_content\"><span>MED\u0130KAL & SA\u011eLIK<span class=\"bt_bb_outline_text bt_bb_outline_text_align_left bt_bb_outline_text_size_400\"><span> Medikal Ekipman ve Medikal Teknolojileri <\/span><\/span><\/span><\/span><\/h1><div class=\"bt_bb_headline_subheadline\">HCTEK olarak sa\u011fl\u0131k sekt\u00f6r\u00fcndeki geni\u015f yelpaze \u00fcr\u00fcn \u00e7e\u015fitlili\u011fi ile her alanda kamu ve \u00f6zel sekt\u00f6r\u00fcn ihtiyac\u0131 olan t\u0131bbi cihazlar, ekipmanlar ve aksesuarlar\u0131n\u0131 insan sa\u011fl\u0131\u011f\u0131na uygun olarak sunmay\u0131 ama\u00e7lam\u0131\u015ft\u0131r. HCTEK olarak yarat\u0131c\u0131 teknoloji ve yakla\u015f\u0131mlar ile sa\u011fl\u0131k sekt\u00f6r\u00fcne yeni bir bak\u0131\u015f a\u00e7\u0131s\u0131 kazand\u0131rmak i\u00e7in kuruldu\u011fumuz g\u00fcnden bug\u00fcne git gide b\u00fcy\u00fcyerek yenilik\u00e7i ve teknolojik \u00e7\u00f6z\u00fcmleri kaliteden \u00f6d\u00fcn vermeden sunmak i\u00e7in \u00e7al\u0131\u015fmalar\u0131m\u0131z\u0131 s\u00fcrd\u00fcrmekteyiz.<\/div><\/header><div class=\"bt_bb_separator bt_bb_top_spacing_10 bt_bb_border_style_none\"><\/div><div class=\"bt_bb_separator bt_bb_border_style_none\"><\/div><div class=\"bt_bb_separator bt_bb_border_style_none\"><\/div><div class=\"bt_bb_separator bt_bb_border_style_none\"><\/div><div class=\"bt_bb_separator bt_bb_border_style_none\"><\/div><div class=\"bt_bb_separator bt_bb_border_style_none\"><\/div><\/div><\/div><\/div><\/div><\/div><\/div><\/div><\/div><\/section><section id=\"bt_bb_section69d65104a7e3c\"  data-background_image_src=\"'https:\/\/hctek.com.tr\/wp-content\/uploads\/50f15d16002357.56299c8be3db7.jpeg'\" class=\"bt_bb_section bt_bb_negative_margin_40 bt_bb_color_scheme_1 bt_bb_layout_boxed_1000 bt_bb_vertical_align_top btLazyLoadBackground bt_bb_background_image bt_bb_background_overlay_dark_gradient\" style=\"background-image:url(&#039;https:\/\/hctek.com.tr\/wp-content\/plugins\/bold-page-builder\/img\/blank.gif&#039;);\"><div class=\"bt_bb_port\"><div class=\"bt_bb_cell\"><div class=\"bt_bb_cell_inner\"><div class=\"bt_bb_row_wrapper bt_bb_row_width_boxed_1200 bt_bb_row_push_right bt_bb_content_wide\"><div  class=\"bt_bb_row bt_bb_column_gap_40\" ><div  class=\"bt_bb_column col-xl-12 col-xs-12 col-sm-12 col-md-12 col-lg-12 bt_bb_align_left bt_bb_vertical_align_top bt_bb_padding_normal bt_bb_animation_fade_in animate\"  data-width=\"12\" data-bt-override-class=\"{}\"><div class=\"bt_bb_column_content\"><div class=\"bt_bb_column_content_inner\"><header class=\"bt_bb_headline bt_bb_dash_top bt_bb_size_large bt_bb_subheadline bt_bb_align_inherit\"><h1><span class=\"bt_bb_headline_content\"><span>MED\u0130KAL & SA\u011eLIK SEKT\u00d6R\u00dc<span class=\"bt_bb_outline_text bt_bb_outline_text_align_inherit bt_bb_outline_text_size_inherit\"><span>SA\u011eLIK MED\u0130KAL<\/span><\/span><\/span><\/span><\/h1><div class=\"bt_bb_headline_subheadline\"><br \/>\r\nSa\u011fl\u0131k sorunlar\u0131na y\u00f6nelik \u00e7\u00f6z\u00fcmlerin sa\u011flanmas\u0131nda ve insan sa\u011fl\u0131\u011f\u0131 sorunlar\u0131n\u0131n korunmas\u0131nda ya da iyile\u015ftirilmesinde kullan\u0131lan malzemeleri sa\u011fl\u0131k pazarlar\u0131na sunuyor, hastalar\u0131n ve sa\u011fl\u0131k profesyonellerinin ihtiya\u00e7lar\u0131na cevap vererek topluma katk\u0131da bulunuyoruz.<br \/>\r\n<br \/>\r\nBug\u00fcn d\u00fcnya \u00e7ap\u0131nda on binlerce t\u0131bbi ekipman \u015firketinin var olmas\u0131yla birlikte T\u00fcrkiye'de y\u00fczlerce \u015firket bulunmaktad\u0131r. Teknolojinin ilerlemesiyle birlikte, \u00f6zellikle hastanelerde hastal\u0131klar\u0131n tan\u0131 ve tedavisi i\u00e7in t\u0131bbi cihazlar geli\u015ftirilmi\u015f ve b\u00f6ylece daha uzun ve daha sa\u011fl\u0131kl\u0131 bir ya\u015fam s\u00fcresine katk\u0131da bulunulmu\u015ftur. Sa\u011fl\u0131k hizmetleri, anl\u0131k veri iletimi ve cihaz yaz\u0131l\u0131m\u0131na eklenen yapay zeka kodu arac\u0131l\u0131\u011f\u0131yla cihaz ileti\u015fimi h\u0131zlanmaktad\u0131r. Bu s\u00fcre\u00e7 sadece te\u015fhis ve tedaviye yard\u0131mc\u0131 olmakla kalmaz, ayn\u0131 zamanda sa\u011fl\u0131k alan\u0131ndaki istatistiklerin an\u0131nda g\u00fcncellenmesini sa\u011flar. Biz de HCTEK olarak teknolojimizi \u015fifa \u00e7al\u0131\u015fmalar\u0131nda da kullanmay\u0131 kendimize hedef edindik ve medikal sekt\u00f6r\u00fcnde \u00e7al\u0131\u015fmalar\u0131m\u0131za ba\u015flad\u0131k.<br \/>\r\nAyn\u0131 zamanda sa\u011fl\u0131k pazar\u0131nda yerli ve milli bir i\u00e7erik olarak yer alan Ankaferd BloodStopper \u00fcr\u00fcn\u00fcn\u00fcn piyasada temsilcili\u011fini yap\u0131yoruz. Ankaferd Blood Stopper bilhassa acil durumlarda saniyeden daha k\u0131sa zaman\u0131n bile sa\u011fl\u0131k a\u00e7\u0131s\u0131ndan fark yaratt\u0131\u011f\u0131 durumlarda kan durdurulmas\u0131n\u0131 h\u0131zland\u0131rarak hasta ve doktora ciddi zamanlar kazand\u0131rmakta ve bir \u00e7ok durumda olumlu sa\u011fl\u0131k sonucu al\u0131nmas\u0131na katk\u0131 sa\u011flamaktad\u0131r.<\/div><\/header><div class=\"bt_bb_separator bt_bb_bottom_spacing_80 bt_bb_border_style_none\"><\/div><div class=\"bt_bb_separator bt_bb_bottom_spacing_60 bt_bb_border_style_none\"><\/div><div class=\"bt_bb_separator bt_bb_bottom_spacing_40 bt_bb_border_style_none\"><\/div><div class=\"bt_bb_separator bt_bb_bottom_spacing_40 bt_bb_border_style_none bt_bb_hidden_md bt_bb_hidden_lg\"><\/div><\/div><\/div><\/div><\/div><\/div><\/div><\/div><\/div><\/section><\/div>","protected":false},"excerpt":{"rendered":"<p>Dynamically target high-payoff intellectual capital for customized technologies. Objectively integrate emerging core competencies before process-centric communities. Dramatically evisculate holistic innovation rather than client-centric data.<\/p>\n","protected":false},"author":1,"featured_media":0,"parent":0,"menu_order":0,"comment_status":"closed","ping_status":"closed","template":"","meta":[],"_links":{"self":[{"href":"https:\/\/hctek.com.tr\/index.php?rest_route=\/wp\/v2\/pages\/1569"}],"collection":[{"href":"https:\/\/hctek.com.tr\/index.php?rest_route=\/wp\/v2\/pages"}],"about":[{"href":"https:\/\/hctek.com.tr\/index.php?rest_route=\/wp\/v2\/types\/page"}],"author":[{"embeddable":true,"href":"https:\/\/hctek.com.tr\/index.php?rest_route=\/wp\/v2\/users\/1"}],"replies":[{"embeddable":true,"href":"https:\/\/hctek.com.tr\/index.php?rest_route=%2Fwp%2Fv2%2Fcomments&post=1569"}],"version-history":[{"count":13,"href":"https:\/\/hctek.com.tr\/index.php?rest_route=\/wp\/v2\/pages\/1569\/revisions"}],"predecessor-version":[{"id":1832,"href":"https:\/\/hctek.com.tr\/index.php?rest_route=\/wp\/v2\/pages\/1569\/revisions\/1832"}],"wp:attachment":[{"href":"https:\/\/hctek.com.tr\/index.php?rest_route=%2Fwp%2Fv2%2Fmedia&parent=1569"}],"curies":[{"name":"wp","href":"https:\/\/api.w.org\/{rel}","templated":true}]}}