{"id":1702,"date":"2021-11-08T10:44:04","date_gmt":"2021-11-08T07:44:04","guid":{"rendered":"https:\/\/hctek.com.tr\/hctek\/?page_id=1702"},"modified":"2021-11-08T10:59:04","modified_gmt":"2021-11-08T07:59:04","slug":"kodris","status":"publish","type":"page","link":"https:\/\/hctek.com.tr\/?page_id=1702","title":{"rendered":"KODRIS"},"content":{"rendered":"<div class=\"bt_bb_wrapper\"><section id=\"bt_bb_section69d64c93063ec\" data-parallax=\"0.7\" data-parallax-offset=\"-100\" class=\"bt_bb_section bt_bb_top_spacing_extra_large bt_bb_bottom_spacing_large bt_bb_color_scheme_11 bt_bb_layout_boxed_1200 bt_bb_vertical_align_top bt_bb_parallax bt_bb_background_overlay_dark_gradient bt-dark-skin bt_bb_section_allow_content_outside\" ><div class=\"bt_bb_port\"><div class=\"bt_bb_cell\"><div class=\"bt_bb_cell_inner\"><div class=\"bt_bb_row_wrapper\"><div  class=\"bt_bb_row\" ><div  class=\"bt_bb_column col-xl-12 col-xs-12 col-sm-12 col-md-12 col-lg-12 bt_bb_align_left bt_bb_vertical_align_top bt_bb_padding_normal bt_bb_animation_fade_in bt_bb_animation_zoom_out animate\"  data-width=\"12\" data-bt-override-class=\"{}\"><div class=\"bt_bb_column_content\"><div class=\"bt_bb_column_content_inner\"><header class=\"bt_bb_headline bt_bb_dash_top bt_bb_size_large bt_bb_superheadline bt_bb_subheadline bt_bb_align_inherit\"><h1><span class=\"bt_bb_headline_superheadline\"><span>\u00c7OCUKLAR \u0130\u00c7\u0130N KODLAMA \u00d6\u011eRENMEN\u0130N EN KOLAY YOLU<\/span><\/span><span class=\"bt_bb_headline_content\"><span>KODRIS<span class=\"bt_bb_outline_text bt_bb_outline_text_align_left bt_bb_outline_text_size_400\"><span>KODRIS <\/span><\/span><\/span><\/span><\/h1><div class=\"bt_bb_headline_subheadline\">Kodris platformu \u00f6ncelikle 7-16 ya\u015f aras\u0131ndaki \u00e7ocuklara kodlama \u00f6\u011fretmek amac\u0131yla kurulmu\u015f bir platformdur.<br \/>\r\n<br \/>\r\n<\/div><\/header><div class=\"bt_bb_separator bt_bb_top_spacing_10 bt_bb_border_style_none\"><\/div><div class=\"bt_bb_separator bt_bb_border_style_none\"><\/div><div class=\"bt_bb_separator bt_bb_border_style_none\"><\/div><div class=\"bt_bb_separator bt_bb_border_style_none\"><\/div><div class=\"bt_bb_separator bt_bb_border_style_none\"><\/div><div class=\"bt_bb_separator bt_bb_border_style_none\"><\/div><\/div><\/div><\/div><\/div><\/div><\/div><\/div><\/div><\/section><section id=\"bt_bb_section69d64c93067d8\"  class=\"bt_bb_section bt_bb_layout_boxed_1200\" ><div class=\"bt_bb_port\"><div class=\"bt_bb_cell\"><div class=\"bt_bb_cell_inner\"><div class=\"bt_bb_row_wrapper\"><div  class=\"bt_bb_row\" ><div  class=\"bt_bb_column col-xl-12 col-xs-12 col-sm-12 col-md-12 col-lg-12 bt_bb_align_left bt_bb_vertical_align_top bt_bb_padding_normal\"  data-width=\"12\" data-bt-override-class=\"{}\"><div class=\"bt_bb_column_content\"><div class=\"bt_bb_column_content_inner\"><\/div><\/div><\/div><\/div><\/div><\/div><\/div><\/div><\/section><section id=\"bt_bb_section69d64c9306f12\"  data-background_image_src=\"'https:\/\/hctek.com.tr\/wp-content\/uploads\/5305554-1.jpg'\" class=\"bt_bb_section bt_bb_negative_margin_40 bt_bb_color_scheme_1 bt_bb_layout_boxed_1000 bt_bb_vertical_align_top btLazyLoadBackground bt_bb_background_image bt_bb_background_overlay_dark_gradient\" style=\"background-image:url(&#039;https:\/\/hctek.com.tr\/wp-content\/plugins\/bold-page-builder\/img\/blank.gif&#039;);\"><div class=\"bt_bb_port\"><div class=\"bt_bb_cell\"><div class=\"bt_bb_cell_inner\"><div class=\"bt_bb_row_wrapper bt_bb_row_width_boxed_1200 bt_bb_row_push_right bt_bb_content_wide\"><div  class=\"bt_bb_row bt_bb_column_gap_40\" ><div  class=\"bt_bb_column col-xl-12 col-xs-12 col-sm-12 col-md-12 col-lg-12 bt_bb_align_left bt_bb_vertical_align_top bt_bb_padding_normal bt_bb_animation_fade_in animate\"  data-width=\"12\" data-bt-override-class=\"{}\"><div class=\"bt_bb_column_content\"><div class=\"bt_bb_column_content_inner\"><header class=\"bt_bb_headline bt_bb_dash_top bt_bb_size_large bt_bb_superheadline bt_bb_subheadline bt_bb_align_inherit\"><h1><span class=\"bt_bb_headline_superheadline\"><span>KODLAMA \u00d6\u011eRENMEN\u0130N EN KOLAY YOLU<\/span><\/span><span class=\"bt_bb_headline_content\"><span>KODRIS HAKKINDA<span class=\"bt_bb_outline_text bt_bb_outline_text_align_inherit bt_bb_outline_text_size_inherit\"><span>KODLAMA \u00d6\u011eRENMEN\u0130N KOLAY YOLU<\/span><\/span><\/span><\/span><\/h1><div class=\"bt_bb_headline_subheadline\">Kodlama ve algoritma ile \u00e7ocuklar 21. y\u00fczy\u0131l becerilerinden; problemlere farkl\u0131 y\u00f6nleriyle bak\u0131p \u00e7\u00f6z\u00fcmler \u00fcretebilmeyi, sistemli ve yarat\u0131c\u0131 d\u00fc\u015f\u00fcnebilmeyi ve en k\u0131sa \u00e7\u00f6z\u00fcm \u00f6nerileri sunabilmeyi kazan\u0131rlar. \u00c7\u00fcnk\u00fc; \u00f6\u011frenciler algoritma mant\u0131\u011f\u0131n\u0131 kavrad\u0131klar\u0131nda her \u015feyin belirli bir d\u00fczen i\u00e7erisinde ger\u00e7ekle\u015fti\u011fini, belirli bir s\u0131ra ile olmad\u0131\u011f\u0131 zaman yap\u0131lmas\u0131 gereken i\u015flemlerin ger\u00e7ekle\u015fmedi\u011fini kavrarlar. Kodlama sadece bilgisayar bilimleri ile s\u0131n\u0131rl\u0131 olmay\u0131p, disiplinler aras\u0131 etkile\u015fim a\u00e7\u0131s\u0131nda da \u00e7ok \u00f6nemlidir.<br \/>\r\n<br \/>\r\nAlgoritmik d\u00fc\u015f\u00fcnme, analitik d\u00fc\u015f\u00fcnme, ele\u015ftirel d\u00fc\u015f\u00fcnme, problem \u00e7\u00f6zebilme, tasar\u0131m odakl\u0131 d\u00fc\u015f\u00fcnme gibi \u00e7a\u011f\u0131m\u0131z\u0131n becerilerinin \u00f6nemini farkeden bir \u00e7ok geli\u015fmi\u015f \u00fclke bu yolda e\u011fitim sistemlerinde k\u00f6kl\u00fc de\u011fi\u015fiklik yapma yoluna gitmi\u015flerdir. ABD, \u0130ngiltere, Fransa, Finlandiya, Almanya, G\u00fcney Kore, \u0130srail gibi \u00fclkeler 21.y\u00fczy\u0131l becerileri ile donat\u0131lm\u0131\u015f yeni bireylerin yeti\u015ftirilmesi i\u00e7in erken ya\u015fta kodlama e\u011fitimi ile bu becerileri kazand\u0131rmak amac\u0131yla ilkokuldan itibaren e\u011fitim m\u00fcfredatlar\u0131na kodlama dersini eklemi\u015flerdir. Kodris platformu temel olarak ilk\u00f6\u011fretim ve orta\u00f6\u011fretim kademesinde gereksinim duyulan ve \u00f6\u011frencilerin algoritmik\/bili\u015fimsel d\u00fc\u015f\u00fcnme becerilerini artt\u0131rarak ileri d\u00fczeyde bilgisayar becerisi i\u00e7in temel olu\u015fturmay\u0131 sa\u011flayan e-\u00f6\u011frenme imkan\u0131 sunmaktad\u0131r.<br \/>\r\n<br \/>\r\nKonusu itibariyle Kodris, \u00f6zel ve devlet okullar\u0131nda AR-GE si yap\u0131lm\u0131\u015f (Farkl\u0131 ya\u015f gruplar\u0131na g\u00f6re \u00f6\u011frenme d\u00fczeyi vs.), m\u00fcfredat\u0131 olan, oyun temelli, online, \u00f6\u011frenci-\u00f6\u011fretmen etkile\u015fimi olan, algoritma kurmay\u0131 \u00f6\u011freten, ger\u00e7ek bir kodlama dili \u00f6\u011freten online e-\u00f6\u011frenme platformudur. Kodris platformu olu\u015fturulurken ulusal ve uluslararas\u0131 literat\u00fcr taramalar\u0131 yap\u0131lm\u0131\u015ft\u0131r. \u00dcniversiteler ve okullar ile kurulan i\u015f birli\u011fi sayesinde pek \u00e7ok kez de\u011ferlendirilme imk\u00e2n\u0131 bulunmu\u015ftur. M\u00fcfredat\u0131m\u0131z, T\u00fcrkiye\u2019nin en iyi \u00fcniversitelerinden biri olan Ankara \u00dcniversitesi taraf\u0131ndan onayl\u0131d\u0131r.Ayn\u0131 zamanda d\u00fcnyan\u0131n en b\u00fcy\u00fck e\u011fitim firmalar\u0131ndan biri olan Pearson taraf\u0131ndan da onaylanm\u0131\u015ft\u0131r.<\/div><\/header><div class=\"bt_bb_separator bt_bb_bottom_spacing_80 bt_bb_border_style_none\"><\/div><div class=\"bt_bb_separator bt_bb_bottom_spacing_60 bt_bb_border_style_none\"><\/div><div class=\"bt_bb_separator bt_bb_bottom_spacing_40 bt_bb_border_style_none\"><\/div><div class=\"bt_bb_separator bt_bb_bottom_spacing_40 bt_bb_border_style_none bt_bb_hidden_md bt_bb_hidden_lg\"><\/div><\/div><\/div><\/div><\/div><\/div><\/div><\/div><\/div><\/section><\/div>","protected":false},"excerpt":{"rendered":"","protected":false},"author":1,"featured_media":0,"parent":0,"menu_order":0,"comment_status":"closed","ping_status":"closed","template":"","meta":[],"_links":{"self":[{"href":"https:\/\/hctek.com.tr\/index.php?rest_route=\/wp\/v2\/pages\/1702"}],"collection":[{"href":"https:\/\/hctek.com.tr\/index.php?rest_route=\/wp\/v2\/pages"}],"about":[{"href":"https:\/\/hctek.com.tr\/index.php?rest_route=\/wp\/v2\/types\/page"}],"author":[{"embeddable":true,"href":"https:\/\/hctek.com.tr\/index.php?rest_route=\/wp\/v2\/users\/1"}],"replies":[{"embeddable":true,"href":"https:\/\/hctek.com.tr\/index.php?rest_route=%2Fwp%2Fv2%2Fcomments&post=1702"}],"version-history":[{"count":5,"href":"https:\/\/hctek.com.tr\/index.php?rest_route=\/wp\/v2\/pages\/1702\/revisions"}],"predecessor-version":[{"id":1711,"href":"https:\/\/hctek.com.tr\/index.php?rest_route=\/wp\/v2\/pages\/1702\/revisions\/1711"}],"wp:attachment":[{"href":"https:\/\/hctek.com.tr\/index.php?rest_route=%2Fwp%2Fv2%2Fmedia&parent=1702"}],"curies":[{"name":"wp","href":"https:\/\/api.w.org\/{rel}","templated":true}]}}